{"id":6378,"date":"2022-05-31T10:06:37","date_gmt":"2022-05-31T10:06:37","guid":{"rendered":"https:\/\/www.carecosmetics.be\/catalogue\/"},"modified":"2024-06-21T15:20:23","modified_gmt":"2024-06-21T15:20:23","slug":"catalogue","status":"publish","type":"page","link":"https:\/\/www.carecosmetics.be\/fr\/catalogue\/","title":{"rendered":"Catalogue"},"content":{"rendered":"\n<section class=\"featured\" id=\"block_featured-block_ae974643aa1e88b983b9d80d633592e5\">\n  <div class=\"featured-image\" style=\"background-position: center; background-image: url('https:\/\/www.carecosmetics.be\/wp-content\/uploads\/2022\/05\/product-large2.png');\" data-parallax=\"scroll\" data-image-src=\"https:\/\/www.carecosmetics.be\/wp-content\/uploads\/2022\/05\/product-large2.png\">\n    <div class=\"grid no-padding\">\n      <div class=\"inner_grid\">\n\n        \n        \n        \n        <!--  -->\n\n      <\/div>\n    <\/div>\n  <\/div>\n  \n<\/section>\n\n<style type=\"text\/css\">\n\t#block_featured-block_ae974643aa1e88b983b9d80d633592e5 {\n\t\tbackground-color: #FFF;\n    padding-top: 60px;\n    padding-bottom: 60px;\n\t}\n<\/style>\n\n<script>\n  buildYouTube('video_18', '', 0, 'true');\n<\/script>\n\n\n\n<section class=\"text\" id=\"block_text-block_830a1027c203a33fe6bc92f6e16d50f4\">\n    <div class=\"grid no-padding\">\n      <div class=\"inner_grid\">\n        <div class=\"content_grid\">\n          <div class=\"text-holder\">\n            <h2>Catalogue<\/h2>                        <p><p>Vous vous demandez ce que Care Cosmetics peut faire pour vous et votre salon ? T\u00e9l\u00e9chargez imm\u00e9diatement le catalogue avec des informations d\u00e9taill\u00e9es sur l&rsquo;entreprise, ses services et ses marques :<\/p>\n<\/p>\n            \n            \n              <a href=\"https:\/\/www.carecosmetics.be\/wp-content\/uploads\/2024\/06\/CC0911-Saloninrichting-catalogus-2024-FR-digitaal.pdf\" target=\"_blank\" class=\"btn purple\">T\u00e9l\u00e9chargez notre catalogue \u00e9quipement d&rsquo;institut et de cabinet<\/a>\n\n            \n              <a href=\"https:\/\/www.carecosmetics.be\/wp-content\/uploads\/2024\/06\/Catalogus-verbruik-2024-FR-LR.pdf\" target=\"_blank\" class=\"btn purple\">T\u00e9l\u00e9chargez notre catalogue \u00ab\u00a0assortiment pour les p\u00e9dicures et les instituts\u00a0\u00bb<\/a>\n\n            \n          <\/div>\n        <\/div>\n      <\/div>\n    <\/div>\n  <\/section>\n\n  <style type=\"text\/css\">\n\t#block_text-block_830a1027c203a33fe6bc92f6e16d50f4 {\n\t\tbackground-color: #FFF;\n        padding-top: 60px;\n    padding-bottom: 60px;\n    \t}\n<\/style>\n","protected":false},"excerpt":{"rendered":"","protected":false},"author":1,"featured_media":0,"parent":0,"menu_order":0,"comment_status":"closed","ping_status":"closed","template":"","meta":{"_acf_changed":false,"inline_featured_image":false,"footnotes":""},"class_list":["post-6378","page","type-page","status-publish","hentry"],"acf":[],"_links":{"self":[{"href":"https:\/\/www.carecosmetics.be\/fr\/wp-json\/wp\/v2\/pages\/6378","targetHints":{"allow":["GET"]}}],"collection":[{"href":"https:\/\/www.carecosmetics.be\/fr\/wp-json\/wp\/v2\/pages"}],"about":[{"href":"https:\/\/www.carecosmetics.be\/fr\/wp-json\/wp\/v2\/types\/page"}],"author":[{"embeddable":true,"href":"https:\/\/www.carecosmetics.be\/fr\/wp-json\/wp\/v2\/users\/1"}],"replies":[{"embeddable":true,"href":"https:\/\/www.carecosmetics.be\/fr\/wp-json\/wp\/v2\/comments?post=6378"}],"version-history":[{"count":11,"href":"https:\/\/www.carecosmetics.be\/fr\/wp-json\/wp\/v2\/pages\/6378\/revisions"}],"predecessor-version":[{"id":7234,"href":"https:\/\/www.carecosmetics.be\/fr\/wp-json\/wp\/v2\/pages\/6378\/revisions\/7234"}],"wp:attachment":[{"href":"https:\/\/www.carecosmetics.be\/fr\/wp-json\/wp\/v2\/media?parent=6378"}],"curies":[{"name":"wp","href":"https:\/\/api.w.org\/{rel}","templated":true}]}}