{"id":6170,"date":"2021-10-15T07:26:12","date_gmt":"2021-10-15T07:26:12","guid":{"rendered":"https:\/\/www.carecosmetics.be\/actualites\/"},"modified":"2023-07-24T08:37:49","modified_gmt":"2023-07-24T08:37:49","slug":"actualites","status":"publish","type":"page","link":"https:\/\/www.carecosmetics.be\/fr\/actualites\/","title":{"rendered":"Actualit\u00e9s"},"content":{"rendered":"\n<section class=\"text\" id=\"block_text-block_61692d7252ee0\">\n    <div class=\"grid no-padding\">\n      <div class=\"inner_grid\">\n        <div class=\"content_grid\">\n          <div class=\"text-holder\">\n            <h2>R\u00e9sum\u00e9 de l&rsquo;actualit\u00e9<\/h2>            <h3>Ne manquez rien et restez au courant des derni\u00e8res nouvelles<\/h3>            <p><p>Consultez notre aper\u00e7u des actualit\u00e9s avec les derni\u00e8res nouvelles ici et restez au courant des nouveaux d\u00e9veloppements, produits, communiqu\u00e9s de presse et \u00e9v\u00e9nements. <\/p>\n<\/p>\n            \n            \n          <\/div>\n        <\/div>\n      <\/div>\n    <\/div>\n  <\/section>\n\n  <style type=\"text\/css\">\n\t#block_text-block_61692d7252ee0 {\n\t\tbackground-color: #FFF;\n        padding-top: 60px;\n    padding-bottom: 0px;\n    \t}\n<\/style>\n","protected":false},"excerpt":{"rendered":"","protected":false},"author":1,"featured_media":0,"parent":0,"menu_order":0,"comment_status":"closed","ping_status":"closed","template":"page-nieuws.php","meta":{"_acf_changed":false,"inline_featured_image":false,"footnotes":""},"class_list":["post-6170","page","type-page","status-publish","hentry"],"acf":[],"_links":{"self":[{"href":"https:\/\/www.carecosmetics.be\/fr\/wp-json\/wp\/v2\/pages\/6170","targetHints":{"allow":["GET"]}}],"collection":[{"href":"https:\/\/www.carecosmetics.be\/fr\/wp-json\/wp\/v2\/pages"}],"about":[{"href":"https:\/\/www.carecosmetics.be\/fr\/wp-json\/wp\/v2\/types\/page"}],"author":[{"embeddable":true,"href":"https:\/\/www.carecosmetics.be\/fr\/wp-json\/wp\/v2\/users\/1"}],"replies":[{"embeddable":true,"href":"https:\/\/www.carecosmetics.be\/fr\/wp-json\/wp\/v2\/comments?post=6170"}],"version-history":[{"count":3,"href":"https:\/\/www.carecosmetics.be\/fr\/wp-json\/wp\/v2\/pages\/6170\/revisions"}],"predecessor-version":[{"id":6176,"href":"https:\/\/www.carecosmetics.be\/fr\/wp-json\/wp\/v2\/pages\/6170\/revisions\/6176"}],"wp:attachment":[{"href":"https:\/\/www.carecosmetics.be\/fr\/wp-json\/wp\/v2\/media?parent=6170"}],"curies":[{"name":"wp","href":"https:\/\/api.w.org\/{rel}","templated":true}]}}