{"id":6128,"date":"2022-05-31T11:13:48","date_gmt":"2022-05-31T11:13:48","guid":{"rendered":"https:\/\/www.carecosmetics.be\/entrainements\/"},"modified":"2023-09-06T13:57:39","modified_gmt":"2023-09-06T13:57:39","slug":"entrainements","status":"publish","type":"page","link":"https:\/\/www.carecosmetics.be\/fr\/entrainements\/","title":{"rendered":"Entra\u00eenements"},"content":{"rendered":"\n<section class=\"featured\" id=\"block_featured-block_039f5a0e7b9cd55f2e6d6ee4c168bae0\">\n  <div class=\"featured-image\" style=\"background-position: center; background-image: url('https:\/\/www.carecosmetics.be\/wp-content\/uploads\/2022\/05\/mannequin-soin-de\u0301maqu-2011-2800x1863.jpg');\" data-parallax=\"scroll\" data-image-src=\"https:\/\/www.carecosmetics.be\/wp-content\/uploads\/2022\/05\/mannequin-soin-de\u0301maqu-2011-2800x1863.jpg\">\n    <div class=\"grid no-padding\">\n      <div class=\"inner_grid\">\n\n        \n                  <a class=\"scroll-down\">\n            <h4 class=\"noir\">D\u00e9couvrir<\/h4>\n             <img class=\"arrow-down\"src=\"https:\/\/www.carecosmetics.be\/wp-content\/themes\/carecosmetics\/images\/arrow-down-white.svg\" alt=\"\">           <\/a>\n        \n        \n        <!--  -->\n\n      <\/div>\n    <\/div>\n  <\/div>\n  \n<\/section>\n\n<style type=\"text\/css\">\n\t#block_featured-block_039f5a0e7b9cd55f2e6d6ee4c168bae0 {\n\t\tbackground-color: #FFF;\n    padding-top: 0px;\n    padding-bottom: 30px;\n\t}\n<\/style>\n\n<script>\n  buildYouTube('video_16', '', 0, 'true');\n<\/script>\n\n\n\n<section class=\"text\" id=\"block_text-block_04de2da9c5b5f35634437ada05b54e4c\">\n    <div class=\"grid no-padding\">\n      <div class=\"inner_grid\">\n        <div class=\"content_grid\">\n          <div class=\"text-holder\">\n            <h2>Formations professionnelles et ateliers<\/h2>                        <p><p>Care Cosmetics comprend l&rsquo;importance du d\u00e9veloppement professionnel continu dans l&rsquo;industrie de la beaut\u00e9. C&rsquo;est pourquoi l&rsquo;entreprise organise une large gamme de formations qui aident les professionnels \u00e0 affiner leurs comp\u00e9tences et \u00e0 se tenir au courant des derni\u00e8res techniques et tendances. Qu&rsquo;il s&rsquo;agisse de techniques avanc\u00e9es de soins de la peau, de comp\u00e9tences en maquillage, de techniques de massage ou de connaissances sur les produits, les cours de formation Care Cosmetics offrent une plate-forme d&rsquo;\u00e9ducation et de croissance. Des experts de l&rsquo;industrie partagent leurs connaissances et leur exp\u00e9rience, offrant aux participants des informations pr\u00e9cieuses et des comp\u00e9tences pratiques.<\/p>\n<\/p>\n            \n            \n          <\/div>\n        <\/div>\n      <\/div>\n    <\/div>\n  <\/section>\n\n  <style type=\"text\/css\">\n\t#block_text-block_04de2da9c5b5f35634437ada05b54e4c {\n\t\tbackground-color: #FFF;\n        padding-top: 60px;\n    padding-bottom: 30px;\n    \t}\n<\/style>\n\n\n\n<section class=\"highlight\" id=\"block_highlight-block_1752330fb21ed9a06182e3085f531832\">\n    <div class=\"grid no-padding\">\n      <div class=\"inner_grid\">\n        <div class=\"content_grid  highlight-holder \">\n\n          \n          <div class=\"image-holder left\" style=\"background-image: url('https:\/\/www.carecosmetics.be\/wp-content\/uploads\/2022\/05\/product-large2.png')\"><\/div>\n\n          <div class=\"text-holder left\">\n            <h2>Participer?<\/h2>            <p><p>L&rsquo;inscription n&rsquo;est possible que pour les clients de Care Cosmetics. Pas encore client, mais int\u00e9ress\u00e9 par (une) de nos marques ou formations ? <a href=\"https:\/\/www.consulta.cc\/nl\/contact\"><u>Contactez-nous<\/u><\/a> un alors aujourd&rsquo;hui !<\/p>\n<\/p>\n            \n              <a href=\"https:\/\/www.carecosmetics.be\/contact\/\"  class=\"btn transparent\">Contactez-nous !<\/a>\n\n            \n          <\/div>\n\n        \n        <\/div>\n      <\/div>\n    <\/div>\n  <\/section>\n\n  <style type=\"text\/css\">\n\t#block_highlight-block_1752330fb21ed9a06182e3085f531832 {\n\t\tbackground-color: #F2F3F2;\n    padding-top: 60px;\n    padding-bottom: 60px;\n\t}\n\n  <\/style>\n\n\n\n<section class=\"training_overview\" id=\"block_training-block_f4d692166608171dfa5362f67d947126\">\n  \n  <div class=\"grid\">\n    \n    <div class=\"inner_grid\">\n      \n      <div class=\"text_holder\">\n        <h2>Aper\u00e7u de la formation<\/h2>\n              <\/div>\n      \n      <div class=\"tr_title\">\n        <h2>Trainingen Nederland (NL)<\/h2>\n      <\/div>\n\n            \n      <div class=\"tr_title\">\n        <h2>Trainingen Belgie (BE)<\/h2>\n      <\/div>\n    \n          \n  <\/div>\n    \n  <\/div>\n  \n<\/section>\n\n<style type=\"text\/css\">\n\t#block_training-block_f4d692166608171dfa5362f67d947126 {\n\t\tbackground-color: #FFF;\n    padding-top: 0px;\n    padding-bottom: 60px;\n\t}\n<\/style>","protected":false},"excerpt":{"rendered":"","protected":false},"author":1,"featured_media":0,"parent":0,"menu_order":0,"comment_status":"closed","ping_status":"closed","template":"page-producten.php","meta":{"_acf_changed":false,"inline_featured_image":false,"footnotes":""},"class_list":["post-6128","page","type-page","status-publish","hentry"],"acf":[],"_links":{"self":[{"href":"https:\/\/www.carecosmetics.be\/fr\/wp-json\/wp\/v2\/pages\/6128","targetHints":{"allow":["GET"]}}],"collection":[{"href":"https:\/\/www.carecosmetics.be\/fr\/wp-json\/wp\/v2\/pages"}],"about":[{"href":"https:\/\/www.carecosmetics.be\/fr\/wp-json\/wp\/v2\/types\/page"}],"author":[{"embeddable":true,"href":"https:\/\/www.carecosmetics.be\/fr\/wp-json\/wp\/v2\/users\/1"}],"replies":[{"embeddable":true,"href":"https:\/\/www.carecosmetics.be\/fr\/wp-json\/wp\/v2\/comments?post=6128"}],"version-history":[{"count":3,"href":"https:\/\/www.carecosmetics.be\/fr\/wp-json\/wp\/v2\/pages\/6128\/revisions"}],"predecessor-version":[{"id":6473,"href":"https:\/\/www.carecosmetics.be\/fr\/wp-json\/wp\/v2\/pages\/6128\/revisions\/6473"}],"wp:attachment":[{"href":"https:\/\/www.carecosmetics.be\/fr\/wp-json\/wp\/v2\/media?parent=6128"}],"curies":[{"name":"wp","href":"https:\/\/api.w.org\/{rel}","templated":true}]}}