{"id":6084,"date":"2021-11-24T11:41:57","date_gmt":"2021-11-24T11:41:57","guid":{"rendered":"https:\/\/www.carecosmetics.be\/travaille-a\/"},"modified":"2023-07-24T09:03:18","modified_gmt":"2023-07-24T09:03:18","slug":"travaille-a","status":"publish","type":"page","link":"https:\/\/www.carecosmetics.be\/fr\/travaille-a\/","title":{"rendered":"Travailler chez Care Cosmetics"},"content":{"rendered":"\n<section class=\"image\" id=\"block_image-block_d9e4ded96b56e1b753f9e8d534d32b4b\">\n    <div class=\"grid no-padding\">\n      <div class=\"inner_grid\">\n                <div class=\"content_grid image-holder\" style=\"background-position: center; background-image:url('https:\/\/www.carecosmetics.be\/wp-content\/uploads\/2022\/05\/iStock_000023110916_Double-2800x1866.jpg');\">\n        <\/div>\n        <div class=\"content_grid\">\n          <p><\/p>\n        <\/div>\n            <\/div>\n    <\/div>\n  <\/section>\n\n<style type=\"text\/css\">\n\t#block_image-block_d9e4ded96b56e1b753f9e8d534d32b4b {\n\t\tbackground-color: #FFF;\n    padding-top: 0px;\n    padding-bottom: 0px;\n\t}\n<\/style>\n\n<section class=\"text\" id=\"block_text-block_f4af6dce478399567486d75e0f892bec\">\n    <div class=\"grid no-padding\">\n      <div class=\"inner_grid\">\n        <div class=\"content_grid\">\n          <div class=\"text-holder\">\n            <h2>Travailler chez Care Cosmetics<\/h2>                        <p><p>Travailler chez Consulta signifie travailler dans une petite \u00e9quipe de professionnels, avec beaucoup d&rsquo;espace pour l&rsquo;initiative et le d\u00e9veloppement personnel. Notre si\u00e8ge social est situ\u00e9 \u00e0 Malines, nous avons un magasin \u00e0 Merksem et un d\u00e9partement \u00e0 Breda, aux Pays-Bas. Nos clients ne sont pas seulement des esth\u00e9ticiennes et des podologues professionnels, nous sommes \u00e9galement repr\u00e9sent\u00e9s dans certains circuits de distribution tels que la pharmacie, la parapharmacie et la parfumerie.. Et ce dans tout le BeNeLux.<\/p>\n<p>Vous souhaitez vous retrouver dans une ambiance de travail fun et dynamique et vous vous retrouvez dans l&rsquo;un des profils ci-dessous ? Alors n&rsquo;h\u00e9sitez pas et contactez-nous d\u00e8s aujourd&rsquo;hui !<\/p>\n<\/p>\n            \n            \n          <\/div>\n        <\/div>\n      <\/div>\n    <\/div>\n  <\/section>\n\n  <style type=\"text\/css\">\n\t#block_text-block_f4af6dce478399567486d75e0f892bec {\n\t\tbackground-color: #FFF;\n        padding-top: 60px;\n    padding-bottom: 60px;\n    \t}\n<\/style>\n\n<section class=\"vacancies-overview\" id=\"block_vacanciesblock_2e2d478b90d34b7070e53618dfd6336a\">\n    <div class=\"grid no-padding\">\n      <div class=\"inner_grid\">\n        <div class=\"content_grid\">\n\n          <div class=\"vacancies-holder\">\n            \n              <a class=\"vacancy-item\" href=\"https:\/\/www.carecosmetics.be\/fr\/vacatures\/nl-accountmanager-retail\/\">\n                <h3>NL &#8211; Accountmanager retail<\/h3>\n                <h4>Belgique | M <span>\/<\/span> V <span>\/<\/span>  | 32 uur<\/h3>\n              <\/a>\n\n            \n              <a class=\"vacancy-item\" href=\"https:\/\/www.carecosmetics.be\/fr\/vacatures\/fr-charge-de-clientele-pour-les-epluchures-professionnelles\/\">\n                <h3>NL &#8211; Charg\u00e9 de client\u00e8le pour les \u00e9pluchures professionnelles<\/h3>\n                <h4>Belgique | M <span>\/<\/span> V <span>\/<\/span>  | 40 uur<\/h3>\n              <\/a>\n\n            \n              <a class=\"vacancy-item\" href=\"https:\/\/www.carecosmetics.be\/fr\/vacatures\/fr-charges-de-clientele-instituts-de-beaute\/\">\n                <h3>NL &#8211; Charg\u00e9s de client\u00e8le instituts de beaut\u00e9<\/h3>\n                <h4>Belgique | M <span>\/<\/span> V <span>\/<\/span>  | 32 uur<\/h3>\n              <\/a>\n\n            \n              <a class=\"vacancy-item\" href=\"https:\/\/www.carecosmetics.be\/fr\/vacatures\/nl-formateur-en-soins-de-beaute\/\">\n                <h3>NL &#8211; Formateur en soins de beaut\u00e9<\/h3>\n                <h4>Belgique | M <span>\/<\/span> V <span>\/<\/span>  | 40 uur<\/h3>\n              <\/a>\n\n                      <\/div>\n\n        <\/div>\n\n      <\/div>\n    <\/div>\n  <\/section>\n\n<style type=\"text\/css\">\n\t#block_vacanciesblock_2e2d478b90d34b7070e53618dfd6336a {\n\t\tbackground-color: #F2F3F2;\n    padding-top: 60px;\n    padding-bottom: 60px;\n\t}\n<\/style>\n","protected":false},"excerpt":{"rendered":"","protected":false},"author":1,"featured_media":0,"parent":0,"menu_order":0,"comment_status":"closed","ping_status":"closed","template":"page-landing.php","meta":{"_acf_changed":false,"inline_featured_image":false,"footnotes":""},"class_list":["post-6084","page","type-page","status-publish","hentry"],"acf":[],"_links":{"self":[{"href":"https:\/\/www.carecosmetics.be\/fr\/wp-json\/wp\/v2\/pages\/6084","targetHints":{"allow":["GET"]}}],"collection":[{"href":"https:\/\/www.carecosmetics.be\/fr\/wp-json\/wp\/v2\/pages"}],"about":[{"href":"https:\/\/www.carecosmetics.be\/fr\/wp-json\/wp\/v2\/types\/page"}],"author":[{"embeddable":true,"href":"https:\/\/www.carecosmetics.be\/fr\/wp-json\/wp\/v2\/users\/1"}],"replies":[{"embeddable":true,"href":"https:\/\/www.carecosmetics.be\/fr\/wp-json\/wp\/v2\/comments?post=6084"}],"version-history":[{"count":5,"href":"https:\/\/www.carecosmetics.be\/fr\/wp-json\/wp\/v2\/pages\/6084\/revisions"}],"predecessor-version":[{"id":6219,"href":"https:\/\/www.carecosmetics.be\/fr\/wp-json\/wp\/v2\/pages\/6084\/revisions\/6219"}],"wp:attachment":[{"href":"https:\/\/www.carecosmetics.be\/fr\/wp-json\/wp\/v2\/media?parent=6084"}],"curies":[{"name":"wp","href":"https:\/\/api.w.org\/{rel}","templated":true}]}}