{"id":6062,"date":"2021-09-28T07:52:20","date_gmt":"2021-09-28T07:52:20","guid":{"rendered":"https:\/\/www.carecosmetics.be\/marques\/"},"modified":"2023-09-21T08:41:47","modified_gmt":"2023-09-21T08:41:47","slug":"marques","status":"publish","type":"page","link":"https:\/\/www.carecosmetics.be\/fr\/marques\/","title":{"rendered":"Marques"},"content":{"rendered":"\n<section class=\"text\" id=\"block_text-block_b7b66525f690817cdb8104426c1d7ec7\">\n    <div class=\"grid no-padding\">\n      <div class=\"inner_grid\">\n        <div class=\"content_grid\">\n          <div class=\"text-holder\">\n            <h2>Nos marques<\/h2>            <h3>Let\u2019s grow together<\/h3>            <p><p>Depuis plus de 25 ans Care Cosmetics a pour mission d\u2019\u00eatre le partenaire id\u00e9al pour les entreprises du secteur de la beaut\u00e9 au sein du Benelux Notre portefeuille de plus de 29 marques nous permet de proposer \u00e0 chaque professionnel une marque qui lui convient, que ce soit en soins de la peau, maquillage, ongles, cire ou \u00e9quipements.<\/p>\n<\/p>\n            \n            \n          <\/div>\n        <\/div>\n      <\/div>\n    <\/div>\n  <\/section>\n\n  <style type=\"text\/css\">\n\t#block_text-block_b7b66525f690817cdb8104426c1d7ec7 {\n\t\tbackground-color: #FFF;\n        padding-top: 60px;\n    padding-bottom: 30px;\n    \t}\n<\/style>\n","protected":false},"excerpt":{"rendered":"","protected":false},"author":1,"featured_media":0,"parent":0,"menu_order":0,"comment_status":"closed","ping_status":"closed","template":"page-merken.php","meta":{"_acf_changed":false,"inline_featured_image":false,"footnotes":""},"class_list":["post-6062","page","type-page","status-publish","hentry"],"acf":[],"_links":{"self":[{"href":"https:\/\/www.carecosmetics.be\/fr\/wp-json\/wp\/v2\/pages\/6062","targetHints":{"allow":["GET"]}}],"collection":[{"href":"https:\/\/www.carecosmetics.be\/fr\/wp-json\/wp\/v2\/pages"}],"about":[{"href":"https:\/\/www.carecosmetics.be\/fr\/wp-json\/wp\/v2\/types\/page"}],"author":[{"embeddable":true,"href":"https:\/\/www.carecosmetics.be\/fr\/wp-json\/wp\/v2\/users\/1"}],"replies":[{"embeddable":true,"href":"https:\/\/www.carecosmetics.be\/fr\/wp-json\/wp\/v2\/comments?post=6062"}],"version-history":[{"count":7,"href":"https:\/\/www.carecosmetics.be\/fr\/wp-json\/wp\/v2\/pages\/6062\/revisions"}],"predecessor-version":[{"id":6568,"href":"https:\/\/www.carecosmetics.be\/fr\/wp-json\/wp\/v2\/pages\/6062\/revisions\/6568"}],"wp:attachment":[{"href":"https:\/\/www.carecosmetics.be\/fr\/wp-json\/wp\/v2\/media?parent=6062"}],"curies":[{"name":"wp","href":"https:\/\/api.w.org\/{rel}","templated":true}]}}