{"id":6050,"date":"2021-10-15T13:34:37","date_gmt":"2021-10-15T13:34:37","guid":{"rendered":"https:\/\/www.carecosmetics.be\/produits\/"},"modified":"2023-08-01T09:00:25","modified_gmt":"2023-08-01T09:00:25","slug":"produits","status":"publish","type":"page","link":"https:\/\/www.carecosmetics.be\/fr\/produits\/","title":{"rendered":"Produits"},"content":{"rendered":"\n<section class=\"text\" id=\"block_text-block_deb6b986bc413829ef02bc8f0a258ae3\">\n    <div class=\"grid no-padding\">\n      <div class=\"inner_grid\">\n        <div class=\"content_grid\">\n          <div class=\"text-holder\">\n            <h2>Produits<\/h2>            <h3>Chez Care Cosmetics, vous trouverez tout pour un salon de beaut\u00e9 r\u00e9ussi !<\/h3>            \n            \n            \n          <\/div>\n        <\/div>\n      <\/div>\n    <\/div>\n  <\/section>\n\n  <style type=\"text\/css\">\n\t#block_text-block_deb6b986bc413829ef02bc8f0a258ae3 {\n\t\tbackground-color: #FFF;\n        padding-top: 60px;\n    padding-bottom: 60px;\n    \t}\n<\/style>\n\n\n\n<section class=\"highlight\" id=\"block_highlight-block_9c755b7598919cc09d78612409a43670\">\n    <div class=\"grid no-padding\">\n      <div class=\"inner_grid\">\n        <div class=\"content_grid  highlight-holder \">\n\n          \n          <div class=\"image-holder left\" style=\"background-image: url('https:\/\/www.carecosmetics.be\/wp-content\/uploads\/2022\/05\/apostolos-vamvouras-g5wKHRu2QW0-unsplash-1867x2800.jpg')\"><\/div>\n\n          <div class=\"text-holder left\">\n            <h2>P\u00e9dicure<\/h2>            <p><p>En tant que p\u00e9dicure professionnel, vous \u00eates \u00e0 la recherche d&rsquo;un partenaire de qualit\u00e9 qui s&rsquo;occupera de votre soin pour de bons produits et mat\u00e9riels ? Vous pouvez vous adresser \u00e0 nous pour toutes vos fournitures de p\u00e9dicure.<\/p>\n<\/p>\n            \n              <a href=\"https:\/\/www.carecosmetics.be\/fr\/marques\/\"  class=\"btn transparent\">D\u00e9couvrez nos marques <\/a>\n\n            \n          <\/div>\n\n        \n        <\/div>\n      <\/div>\n    <\/div>\n  <\/section>\n\n  <style type=\"text\/css\">\n\t#block_highlight-block_9c755b7598919cc09d78612409a43670 {\n\t\tbackground-color: #FFF;\n    padding-top: 60px;\n    padding-bottom: 60px;\n\t}\n\n  <\/style>\n\n\n\n<section class=\"highlight\" id=\"block_highlight-block_35bcb34780550da28f025a650c3dda85\">\n    <div class=\"grid no-padding\">\n      <div class=\"inner_grid\">\n        <div class=\"content_grid  highlight-holder \">\n\n          \n          <div class=\"text-holder right\">\n            <h2>Marques de soins<\/h2>              <p><p>Consulta propose une large gamme de marques sp\u00e9cialis\u00e9es dans les soins et l&rsquo;am\u00e9lioration de la peau \u00e0 diff\u00e9rents niveaux de prix. Nous vous soutenons avec des cours th\u00e9oriques et pratiques, des visites r\u00e9guli\u00e8res de votre propre d\u00e9veloppeur d&rsquo;affaires et des outils de marketing et de vente pour faire passer votre institut \u00e0 la vitesse sup\u00e9rieure !<\/p>\n<\/p>\n            \n              <a href=\"https:\/\/www.carecosmetics.be\/fr\/marques\/\"  class=\"btn transparent\">D\u00e9couvrez nos marques<\/a>\n\n            \n          <\/div>\n\n          <div class=\"image-holder right\" style=\"background-image: url('https:\/\/www.carecosmetics.be\/wp-content\/uploads\/2022\/05\/mannequin-visage-1-2800x2800.jpg')\"><\/div>\n\n        \n        <\/div>\n      <\/div>\n    <\/div>\n  <\/section>\n\n  <style type=\"text\/css\">\n\t#block_highlight-block_35bcb34780550da28f025a650c3dda85 {\n\t\tbackground-color: #F2F3F2;\n    padding-top: 60px;\n    padding-bottom: 60px;\n\t}\n\n  <\/style>\n\n\n\n<section class=\"highlight\" id=\"block_highlight-block_b931b2b88259c41266a5da97bc264fd2\">\n    <div class=\"grid no-padding\">\n      <div class=\"inner_grid\">\n        <div class=\"content_grid  highlight-holder \">\n\n          \n          <div class=\"image-holder left\" style=\"background-image: url('https:\/\/www.carecosmetics.be\/wp-content\/uploads\/2022\/05\/lindsay-cash-QZ8aqXvP8LQ-unsplash-1845x2800.jpg')\"><\/div>\n\n          <div class=\"text-holder left\">\n            <h2>Equipement et mobilier<\/h2>            <p><p>L&rsquo;\u00e9quipement et le mat\u00e9riel jouent un r\u00f4le important dans la gestion d&rsquo;une entreprise de beaut\u00e9 prosp\u00e8re. C&rsquo;est l&rsquo;outil que vous utilisez au quotidien. La qualit\u00e9 joue donc un r\u00f4le important. Care Cosmetics ne propose que des marques qui ont d\u00e9j\u00e0 prouv\u00e9 leur qualit\u00e9.<\/p>\n<\/p>\n            \n              <a href=\"https:\/\/www.carecosmetics.be\/fr\/marques\/\"  class=\"btn transparent\">D\u00e9couvrez nos marques<\/a>\n\n            \n              <a href=\"https:\/\/www.carecosmetics.be\/fr\/equipement-et-mobilier\/\"  class=\"btn transparent\">d\u00e9couvrir plus<\/a>\n\n            \n          <\/div>\n\n        \n        <\/div>\n      <\/div>\n    <\/div>\n  <\/section>\n\n  <style type=\"text\/css\">\n\t#block_highlight-block_b931b2b88259c41266a5da97bc264fd2 {\n\t\tbackground-color: #FFF;\n    padding-top: 60px;\n    padding-bottom: 60px;\n\t}\n\n  <\/style>\n\n\n\n<section class=\"highlight\" id=\"block_highlight-block_9133553a171452a691d78090e322c428\">\n    <div class=\"grid no-padding\">\n      <div class=\"inner_grid\">\n        <div class=\"content_grid  highlight-holder \">\n\n          \n          <div class=\"text-holder right\">\n            <h2>Mat\u00e9riel dermo-cosm\u00e9tique<\/h2>              <p><p>L&rsquo;\u00e9quipement est devenu indispensable dans les salons de beaut\u00e9 modernes et progressistes. Les consommateurs ne veulent plus attendre les r\u00e9sultats. C&rsquo;est pr\u00e9cis\u00e9ment l\u00e0 que l&rsquo;\u00e9quipement apporte une contribution indispensable \u00e0 votre institut : des r\u00e9sultats d\u00e8s le premier traitement, des r\u00e9sultats maximaux \u00e0 long terme et un grand nombre de clients fid\u00e8les et satisfaits pour votre institut.<\/p>\n<\/p>\n            \n              <a href=\"https:\/\/www.carecosmetics.be\/fr\/marques\/\"  class=\"btn transparent\">D\u00e9couvrez nos marques<\/a>\n\n            \n          <\/div>\n\n          <div class=\"image-holder right\" style=\"background-image: url('https:\/\/www.carecosmetics.be\/wp-content\/uploads\/2022\/05\/Schermafbeelding-2022-05-25-om-16.39.44.png')\"><\/div>\n\n        \n        <\/div>\n      <\/div>\n    <\/div>\n  <\/section>\n\n  <style type=\"text\/css\">\n\t#block_highlight-block_9133553a171452a691d78090e322c428 {\n\t\tbackground-color: #F2F3F2;\n    padding-top: 60px;\n    padding-bottom: 60px;\n\t}\n\n  <\/style>\n","protected":false},"excerpt":{"rendered":"","protected":false},"author":1,"featured_media":0,"parent":0,"menu_order":0,"comment_status":"closed","ping_status":"closed","template":"page-producten.php","meta":{"_acf_changed":false,"inline_featured_image":false,"footnotes":""},"class_list":["post-6050","page","type-page","status-publish","hentry"],"acf":[],"_links":{"self":[{"href":"https:\/\/www.carecosmetics.be\/fr\/wp-json\/wp\/v2\/pages\/6050","targetHints":{"allow":["GET"]}}],"collection":[{"href":"https:\/\/www.carecosmetics.be\/fr\/wp-json\/wp\/v2\/pages"}],"about":[{"href":"https:\/\/www.carecosmetics.be\/fr\/wp-json\/wp\/v2\/types\/page"}],"author":[{"embeddable":true,"href":"https:\/\/www.carecosmetics.be\/fr\/wp-json\/wp\/v2\/users\/1"}],"replies":[{"embeddable":true,"href":"https:\/\/www.carecosmetics.be\/fr\/wp-json\/wp\/v2\/comments?post=6050"}],"version-history":[{"count":3,"href":"https:\/\/www.carecosmetics.be\/fr\/wp-json\/wp\/v2\/pages\/6050\/revisions"}],"predecessor-version":[{"id":6397,"href":"https:\/\/www.carecosmetics.be\/fr\/wp-json\/wp\/v2\/pages\/6050\/revisions\/6397"}],"wp:attachment":[{"href":"https:\/\/www.carecosmetics.be\/fr\/wp-json\/wp\/v2\/media?parent=6050"}],"curies":[{"name":"wp","href":"https:\/\/api.w.org\/{rel}","templated":true}]}}