{"id":6042,"date":"2021-10-15T13:50:11","date_gmt":"2021-10-15T13:50:11","guid":{"rendered":"https:\/\/www.carecosmetics.be\/a-propos-de-nous\/"},"modified":"2023-09-06T13:55:06","modified_gmt":"2023-09-06T13:55:06","slug":"a-propos-de-nous","status":"publish","type":"page","link":"https:\/\/www.carecosmetics.be\/fr\/a-propos-de-nous\/","title":{"rendered":"\u00c0 propos de nous"},"content":{"rendered":"\n<section class=\"featured\" id=\"block_featured-block_033ccefa09eeff0c8610c0809eb1ee0e\">\n  <div class=\"featured-image\" style=\"background-position: center; background-image: url('https:\/\/www.carecosmetics.be\/wp-content\/uploads\/2022\/05\/Skeyndor_3.jpg');\" data-parallax=\"scroll\" data-image-src=\"https:\/\/www.carecosmetics.be\/wp-content\/uploads\/2022\/05\/Skeyndor_3.jpg\">\n    <div class=\"grid no-padding\">\n      <div class=\"inner_grid\">\n\n        \n                  <a class=\"scroll-down\">\n            <h4 class=\"noir\">D\u00e9couvrir<\/h4>\n             <img class=\"arrow-down\"src=\"https:\/\/www.carecosmetics.be\/wp-content\/themes\/carecosmetics\/images\/arrow-down-white.svg\" alt=\"\">           <\/a>\n        \n                  <div class=\"content_grid text-holder\">\n            <h2><\/h2>\n            <h3><\/h3>\n            <img class=\"text_logo\"src=\"\" alt=\"\">\n          <\/div>\n        \n        <!--  -->\n\n      <\/div>\n    <\/div>\n  <\/div>\n  \n<\/section>\n\n<style type=\"text\/css\">\n\t#block_featured-block_033ccefa09eeff0c8610c0809eb1ee0e {\n\t\tbackground-color: #FFF;\n    padding-top: 0px;\n    padding-bottom: 0px;\n\t}\n<\/style>\n\n<script>\n  buildYouTube('video_21', '', 0, 'true');\n<\/script>\n\n\n\n<section class=\"text\" id=\"block_text-block_965fdec29ef997c366c92633ee70e924\">\n    <div class=\"grid no-padding\">\n      <div class=\"inner_grid\">\n        <div class=\"content_grid\">\n          <div class=\"text-holder\">\n            <h2>\u00c0 propos de nous<\/h2>            <h3>Votre partenaire pour une entreprise prosp\u00e8re depuis plus de 35 ans!<\/h3>            \n            \n            \n          <\/div>\n        <\/div>\n      <\/div>\n    <\/div>\n  <\/section>\n\n  <style type=\"text\/css\">\n\t#block_text-block_965fdec29ef997c366c92633ee70e924 {\n\t\tbackground-color: #FFF;\n        padding-top: 60px;\n    padding-bottom: 30px;\n    \t}\n<\/style>\n\n\n\n<section class=\"text\" id=\"block_text-block_6e06888046b8c2fbcb6dadf60f6ceff3\">\n    <div class=\"grid no-padding\">\n      <div class=\"inner_grid\">\n        <div class=\"content_grid\">\n          <div class=\"text-holder\">\n            <h2>Pourquoi Consulta ?<\/h2>                        <p><p>Consulta offre un soutien dans tous les aspects d&rsquo;une entreprise prosp\u00e8re : de la fourniture d&rsquo;\u00e9quipement, de mat\u00e9riel et de produits aux conseils en mati\u00e8re de marketing et de promotion. Nous aimons aussi r\u00e9fl\u00e9chir avec vous \u00e0 l&rsquo;image et \u00e0 l&rsquo;aspect de votre salon.<\/p>\n<p>Chez Consulta, vous trouverez tout sous un m\u00eame toit :<br \/>\n\u2022 Plus de 35 ans d&rsquo;exp\u00e9rience dans le B2B<br \/>\n\u2022 Votre partenaire dans le secteur de la beaut\u00e9<br \/>\n\u2022 Soutien professionnel, formation et service<br \/>\n\u2022 \u00c9quipement, mat\u00e9riel et mobilier<\/p>\n<p>En bref, nous r\u00e9fl\u00e9chissons avec vous et mettons tout en \u0153uvre pour r\u00e9ussir \u00e0 construire avec vous une entreprise prosp\u00e8re.<\/p>\n<\/p>\n            \n            \n              <a href=\"https:\/\/www.carecosmetics.be\/wp-content\/uploads\/2023\/09\/Catalogus-2023-FR.pdf\"  class=\"btn transparent\">T\u00e9l\u00e9chargez notre catalogue<\/a>\n\n            \n          <\/div>\n        <\/div>\n      <\/div>\n    <\/div>\n  <\/section>\n\n  <style type=\"text\/css\">\n\t#block_text-block_6e06888046b8c2fbcb6dadf60f6ceff3 {\n\t\tbackground-color: #F2F3F2;\n        padding-top: 60px;\n    padding-bottom: 60px;\n    \t}\n<\/style>\n\n\n\n<section class=\"text\" id=\"block_text-block_9cb27c51027f7a6d5d5bcd28e60f288a\">\n    <div class=\"grid no-padding\">\n      <div class=\"inner_grid\">\n        <div class=\"content_grid\">\n          <div class=\"text-holder\">\n            <h2>Notre vision<\/h2>                        <p><p>G\u00e9rer avec succ\u00e8s un institut de beaut\u00e9 ou un cabinet de soins des pieds n&rsquo;est pas une mince affaire.. Seules des connaissances approfondies et la passion du m\u00e9tier ne suffisent pas.<\/p>\n<p>Nous vous conseillons volontiers pour l&rsquo;achat de produits de soins, de mobilier et d&rsquo;\u00e9quipement de salon et de cabinet, mais notre objectif est avant tout de vous guider dans la cr\u00e9ation et le d\u00e9veloppement d&rsquo;une entreprise prosp\u00e8re.<\/p>\n<p>Nous sommes convaincus qu&rsquo;en combinant nos forces et nos connaissances, vous serez en mesure de travailler plus efficacement, d&rsquo;obtenir de meilleurs r\u00e9sultats et de devenir plus fort. . Forts les uns des autres, c&rsquo;est notre vision de la r\u00e9ussite et de la p\u00e9rennit\u00e9.<\/p>\n<\/p>\n            \n            \n          <\/div>\n        <\/div>\n      <\/div>\n    <\/div>\n  <\/section>\n\n  <style type=\"text\/css\">\n\t#block_text-block_9cb27c51027f7a6d5d5bcd28e60f288a {\n\t\tbackground-color: #FFF;\n        padding-top: 60px;\n    padding-bottom: 60px;\n    \t}\n<\/style>\n\n\n\n<section class=\"text\" id=\"block_text-block_c382c683df3395d0e8a9d8f68e4a5ae8\">\n    <div class=\"grid no-padding\">\n      <div class=\"inner_grid\">\n        <div class=\"content_grid\">\n          <div class=\"text-holder\">\n            <h2>\u00ab\u00a0Chez Consulta, nous nous effor\u00e7ons de faire briller nos clients dans leur zone de chalandise. La r\u00e9ussite de nos clients est \u00e0 la fois notre devoir et notre passion.\u00a0\u00bb<\/h2>            <h3>Marijn van Benthem, Directeur<\/h3>            \n            \n            \n          <\/div>\n        <\/div>\n      <\/div>\n    <\/div>\n  <\/section>\n\n  <style type=\"text\/css\">\n\t#block_text-block_c382c683df3395d0e8a9d8f68e4a5ae8 {\n\t\tbackground-color: #F2F3F2;\n        padding-top: 60px;\n    padding-bottom: 60px;\n    \t}\n<\/style>\n\n\n\n<section class=\"text\" id=\"block_text-block_530078065493c365d923ea5b08f1a8db\">\n    <div class=\"grid no-padding\">\n      <div class=\"inner_grid\">\n        <div class=\"content_grid\">\n          <div class=\"text-holder\">\n            <h2>Un peu d&rsquo;histoire&#8230;<\/h2>                        <p><p>Consulta a commenc\u00e9 \u00e0 fabriquer des r\u00e9sines d&rsquo;\u00e9pilation et des articles connexes en 1981 sous la marque Hairaway. L&rsquo;objectif \u00e9tait d&rsquo;offrir au march\u00e9 une qualit\u00e9 sup\u00e9rieure, plus efficace et plus s\u00fbre que celle disponible \u00e0 l&rsquo;\u00e9poque.<\/p>\n<p>Depuis, la gamme de produits s&rsquo;est consid\u00e9rablement \u00e9largie pour inclure des marques de soins du visage, du corps et des pieds, des \u00e9quipements et des accessoires, ainsi que les derniers \u00e9quipements dermo-cosm\u00e9tiques pour les instituts de beaut\u00e9 et les cabinets de soins des pieds Cependant, rien n&rsquo;a chang\u00e9 en ce qui concerne l&rsquo;id\u00e9e de d\u00e9part.<\/p>\n<p>Care Cosmetics, nous sommes toujours \u00e0 la recherche de produits de qualit\u00e9 innovants, efficaces et s\u00fbrs qui r\u00e9pondent aux besoins des consommateurs et des professionnels de la beaut\u00e9.<\/p>\n<\/p>\n            \n            \n          <\/div>\n        <\/div>\n      <\/div>\n    <\/div>\n  <\/section>\n\n  <style type=\"text\/css\">\n\t#block_text-block_530078065493c365d923ea5b08f1a8db {\n\t\tbackground-color: #FFF;\n        padding-top: 60px;\n    padding-bottom: 60px;\n    \t}\n<\/style>\n\n\n\n<section class=\"image\" id=\"block_image-block_bf7b9f195c68e25a49c10fda8e96f487\">\n    <div class=\"grid no-padding\">\n      <div class=\"inner_grid\">\n                <div class=\"content_grid\">\n          <img decoding=\"async\" src=\"https:\/\/www.carecosmetics.be\/wp-content\/uploads\/2022\/05\/Team-Consulta-.png\" alt=\"Team-Consulta-\">\n          <p><\/p>\n        <\/div>\n            <\/div>\n    <\/div>\n  <\/section>\n\n<style type=\"text\/css\">\n\t#block_image-block_bf7b9f195c68e25a49c10fda8e96f487 {\n\t\tbackground-color: #FFF;\n    padding-top: 60px;\n    padding-bottom: 60px;\n\t}\n<\/style>\n","protected":false},"excerpt":{"rendered":"","protected":false},"author":1,"featured_media":0,"parent":0,"menu_order":0,"comment_status":"closed","ping_status":"closed","template":"","meta":{"_acf_changed":false,"inline_featured_image":false,"footnotes":""},"class_list":["post-6042","page","type-page","status-publish","hentry"],"acf":[],"_links":{"self":[{"href":"https:\/\/www.carecosmetics.be\/fr\/wp-json\/wp\/v2\/pages\/6042","targetHints":{"allow":["GET"]}}],"collection":[{"href":"https:\/\/www.carecosmetics.be\/fr\/wp-json\/wp\/v2\/pages"}],"about":[{"href":"https:\/\/www.carecosmetics.be\/fr\/wp-json\/wp\/v2\/types\/page"}],"author":[{"embeddable":true,"href":"https:\/\/www.carecosmetics.be\/fr\/wp-json\/wp\/v2\/users\/1"}],"replies":[{"embeddable":true,"href":"https:\/\/www.carecosmetics.be\/fr\/wp-json\/wp\/v2\/comments?post=6042"}],"version-history":[{"count":9,"href":"https:\/\/www.carecosmetics.be\/fr\/wp-json\/wp\/v2\/pages\/6042\/revisions"}],"predecessor-version":[{"id":6471,"href":"https:\/\/www.carecosmetics.be\/fr\/wp-json\/wp\/v2\/pages\/6042\/revisions\/6471"}],"wp:attachment":[{"href":"https:\/\/www.carecosmetics.be\/fr\/wp-json\/wp\/v2\/media?parent=6042"}],"curies":[{"name":"wp","href":"https:\/\/api.w.org\/{rel}","templated":true}]}}