{"id":5928,"date":"2022-05-31T11:43:50","date_gmt":"2022-05-31T11:43:50","guid":{"rendered":"https:\/\/www.carecosmetics.be\/schoolpakket\/"},"modified":"2023-07-24T07:34:17","modified_gmt":"2023-07-24T07:34:17","slug":"schoolpakket","status":"publish","type":"page","link":"https:\/\/www.carecosmetics.be\/fr\/schoolpakket\/","title":{"rendered":"Forfait scolaire"},"content":{"rendered":"\n<section class=\"featured\" id=\"block_featured-block_a58d3da9275ee2886f3d490b2e7cf71d\">\n  <div class=\"featured-image\" style=\"background-position: center; background-image: url('https:\/\/www.carecosmetics.be\/wp-content\/uploads\/2022\/05\/algal-minceur.jpg');\" data-parallax=\"scroll\" data-image-src=\"https:\/\/www.carecosmetics.be\/wp-content\/uploads\/2022\/05\/algal-minceur.jpg\">\n    <div class=\"grid no-padding\">\n      <div class=\"inner_grid\">\n\n        \n        \n        \n        <!--  -->\n\n      <\/div>\n    <\/div>\n  <\/div>\n  \n<\/section>\n\n<style type=\"text\/css\">\n\t#block_featured-block_a58d3da9275ee2886f3d490b2e7cf71d {\n\t\tbackground-color: #FFF;\n    padding-top: 0px;\n    padding-bottom: 0px;\n\t}\n<\/style>\n\n<script>\n  buildYouTube('video_32', '', 0, 'true');\n<\/script>\n\n<section class=\"text\" id=\"block_text-block_655e2004a59e07edd88f4073d5721e9b\">\n    <div class=\"grid no-padding\">\n      <div class=\"inner_grid\">\n        <div class=\"content_grid\">\n          <div class=\"text-holder\">\n            <h2>Commandez votre pack scolaire<\/h2>                        <p><p>Pour les \u00e9tudiants Syntra. <a href=\"http:\/\/www.mijnsyntrapakket.be\/\">cliquer ici<\/a><\/p>\n<div class=\"brand-description\">\n<p>Pour les \u00e9l\u00e8ves d&rsquo;autres \u00e9coles n\u00e9erlandophones. <a href=\"http:\/\/www.mijnschoolpakket.be\/\">cliquer ici<\/a><\/p>\n<p>Pour les \u00e9tudiants francophones (\u00e9cole CFIPM de Madame Tarillon). <a href=\"http:\/\/www.monpaquetscolaire.be\/\">Cliquez ici<\/a><\/p>\n<\/div>\n<\/p>\n            \n            \n          <\/div>\n        <\/div>\n      <\/div>\n    <\/div>\n  <\/section>\n\n  <style type=\"text\/css\">\n\t#block_text-block_655e2004a59e07edd88f4073d5721e9b {\n\t\tbackground-color: #FFF;\n        padding-top: 60px;\n    padding-bottom: 30px;\n    \t}\n<\/style>\n\n<section class=\"text\" id=\"block_text-block_db15733edf3e4aedc40374d52ef47f17\">\n    <div class=\"grid no-padding\">\n      <div class=\"inner_grid\">\n        <div class=\"content_grid\">\n          <div class=\"text-holder\">\n                                    \n                          <div class=\"opsomming-holder\">\n                                <div class=\"opsomming\">\n                      <p><h3 class=\"widget__title\">Care Cosmetics<\/h3>\n<div class=\"textwidget\">\n<p>G\u00e8ne. De Wittelaan 5a<br \/>\n2800 Mechelen<\/p>\n<p>T +32 (0)15 29 48 48<br \/>\nF +32 (0)15 29 48 49<br \/>\nE info@consulta.cc<\/p>\n<p>BE0421862896<\/p>\n<\/div>\n<\/p>\n                  <\/div>\n                                <div class=\"opsomming\">\n                      <p><h3 class=\"widget__title\">Care Cosmetics<\/h3>\n<div class=\"textwidget\">\n<p>Aluminiumstraat 4<br \/>\n4823 AL Breda<\/p>\n<p>T +31 76 542 41 84<br \/>\nbreda@consulta.cc<\/p>\n<p>NL007522265B01<\/p>\n<\/div>\n<\/p>\n                  <\/div>\n                          <\/div>\n          \n            \n          <\/div>\n        <\/div>\n      <\/div>\n    <\/div>\n  <\/section>\n\n  <style type=\"text\/css\">\n\t#block_text-block_db15733edf3e4aedc40374d52ef47f17 {\n\t\tbackground-color: #FFF;\n        padding-top: 30px;\n    padding-bottom: 60px;\n    \t}\n<\/style>\n","protected":false},"excerpt":{"rendered":"","protected":false},"author":1,"featured_media":0,"parent":0,"menu_order":0,"comment_status":"closed","ping_status":"closed","template":"","meta":{"_acf_changed":false,"inline_featured_image":false,"footnotes":""},"class_list":["post-5928","page","type-page","status-publish","hentry"],"acf":[],"_links":{"self":[{"href":"https:\/\/www.carecosmetics.be\/fr\/wp-json\/wp\/v2\/pages\/5928","targetHints":{"allow":["GET"]}}],"collection":[{"href":"https:\/\/www.carecosmetics.be\/fr\/wp-json\/wp\/v2\/pages"}],"about":[{"href":"https:\/\/www.carecosmetics.be\/fr\/wp-json\/wp\/v2\/types\/page"}],"author":[{"embeddable":true,"href":"https:\/\/www.carecosmetics.be\/fr\/wp-json\/wp\/v2\/users\/1"}],"replies":[{"embeddable":true,"href":"https:\/\/www.carecosmetics.be\/fr\/wp-json\/wp\/v2\/comments?post=5928"}],"version-history":[{"count":5,"href":"https:\/\/www.carecosmetics.be\/fr\/wp-json\/wp\/v2\/pages\/5928\/revisions"}],"predecessor-version":[{"id":6133,"href":"https:\/\/www.carecosmetics.be\/fr\/wp-json\/wp\/v2\/pages\/5928\/revisions\/6133"}],"wp:attachment":[{"href":"https:\/\/www.carecosmetics.be\/fr\/wp-json\/wp\/v2\/media?parent=5928"}],"curies":[{"name":"wp","href":"https:\/\/api.w.org\/{rel}","templated":true}]}}